{"id":1962,"date":"2023-10-02T10:48:21","date_gmt":"2023-10-02T10:48:21","guid":{"rendered":"https:\/\/bassomaria.it\/privacy-policy\/"},"modified":"2024-04-16T06:38:06","modified_gmt":"2024-04-16T06:38:06","slug":"privacy-policy","status":"publish","type":"page","link":"https:\/\/bassomaria.it\/de\/privacy-policy\/","title":{"rendered":"Privacy Policy"},"content":{"rendered":"\n<p><br>Informationspflicht gem\u00e4\u00df dem Gesetzesdekret vom 30.06.2003 &#8222;DATENSCHUTZKODEX&#8220;<\/p>\n\n\n\n<p>Gem\u00e4\u00df Artikel 13 des Gesetzesdekrets vom 30. Juni 2003, Nr. 196, informieren wir dar\u00fcber, dass unser Unternehmen Basso Maria di Grandi Daniele &amp; C. sas personenbezogene Daten von Kunden, Lieferanten sowie Personen, die freiwillig (telefonisch, per Fax oder per E-Mail) ihre pers\u00f6nlichen Daten an unser Handelsb\u00fcro oder unsere Unternehmensleitung \u00fcbermitteln, verarbeitet. Dies betrifft auch Personen, deren Daten beispielsweise im Rahmen der Erhebung externer Daten f\u00fcr kommerzielle Informationen, \u00f6ffentliche Verzeichnisse usw. von Dritten erhoben wurden, wobei es sich in letzterem Fall ausschlie\u00dflich um personenbezogene Daten handelt.<\/p>\n\n\n\n<p>Unser Unternehmen garantiert im Rahmen der gesetzlichen Bestimmungen, dass die Verarbeitung personenbezogener Daten unter Einhaltung der Grundrechte und -freiheiten sowie der W\u00fcrde der betroffenen Person erfolgt, insbesondere in Bezug auf Vertraulichkeit, pers\u00f6nliche Identit\u00e4t und das Recht auf Schutz personenbezogener Daten.<\/p>\n\n\n\n<p>Zweck der Verarbeitung:<\/p>\n\n\n\n<ul class=\"wp-block-list\">\n<li>Erf\u00fcllung gesetzlicher Verpflichtungen, Verordnungen, Gemeinschaftsvorschriften sowie zivil- und steuerrechtlicher Bestimmungen<\/li>\n\n\n\n<li>Erf\u00fcllung etwaiger vertraglicher Verpflichtungen gegen\u00fcber der betroffenen Person<\/li>\n\n\n\n<li>Durchf\u00fchrung von T\u00e4tigkeiten im Zusammenhang mit der wirtschaftlichen T\u00e4tigkeit unseres Unternehmens, wie die Erstellung von Kunden- und Lieferantenstammdaten und internen Statistiken, Abrechnung, F\u00fchrung der Kunden- und Lieferantenbuchhaltung<\/li>\n\n\n\n<li>Handelsbezogene Zwecke wie Versenden von Handelsinformationen und Werbematerial (per Post, Fax und E-Mail), Marketing und Marktforschung<\/li>\n\n\n\n<li>Forderungsmanagement und Schuldenverwaltung<\/li>\n\n\n\n<li>Versicherungszwecke, insbesondere Kreditversicherung<\/li>\n<\/ul>\n\n\n\n<p>In Bezug auf die oben genannten Zwecke werden Ihre personenbezogenen Daten bei Bedarf weitergegeben an:<\/p>\n\n\n\n<ul class=\"wp-block-list\">\n<li>\u00d6ffentliche Verwaltungen und Beh\u00f6rden, wenn dies gesetzlich vorgesehen ist<\/li>\n\n\n\n<li>Kreditinstitute, mit denen unser Unternehmen Beziehungen zur Verwaltung von Forderungen\/Verbindlichkeiten und zur Finanzvermittlung unterh\u00e4lt<\/li>\n\n\n\n<li>Alle nat\u00fcrlichen und\/oder juristischen Personen, \u00f6ffentlichen und\/oder privaten (Rechts-, Verwaltungs- und Steuerberatungsb\u00fcros, Gerichtsvollzieher, Handelskammern usw.), wenn die Mitteilung zur Aus\u00fcbung unserer T\u00e4tigkeit erforderlich oder funktional ist und auf die oben genannten Weisen und Zwecke erfolgt<\/li>\n<\/ul>\n\n\n\n<p>Die von unserem Unternehmen verarbeiteten personenbezogenen Daten unterliegen keiner Verbreitung. Die Verarbeitung kann mit oder ohne Hilfe elektronischer oder automatisierter Mittel erfolgen und umfasst alle im Artikel 4 Absatz 1 Buchstabe a des Gesetzesdekrets vom 30. Juni 2003, Nr. 196 genannten Operationen, die f\u00fcr die betreffende Verarbeitung erforderlich sind. Die Verarbeitung erfolgt jedoch unter Einhaltung aller erforderlichen Sicherheitsma\u00dfnahmen, um Sicherheit und Vertraulichkeit zu gew\u00e4hrleisten.<\/p>\n\n\n\n<p>Der Datenschutzkodex gew\u00e4hrt den Betroffenen spezifische Rechte gem\u00e4\u00df Artikel 7. Insbesondere k\u00f6nnen Sie vom Verantwortlichen die Best\u00e4tigung der Existenz oder Nichtexistenz Ihrer personenbezogenen Daten sowie deren Mitteilung in verst\u00e4ndlicher Form erhalten. Der Betroffene kann auch die Herkunft der Daten, die Zwecke und Modalit\u00e4ten der Verarbeitung sowie die angewandte Logik bei Verarbeitungen, die unter Einsatz elektronischer Mittel erfolgen, kennen, die Identifikationsdaten des Verantwortlichen, der Beauftragten und der benannten Dritten sowie der Personen und Kategorien von Personen, denen die Daten \u00fcbermittelt werden k\u00f6nnen oder die davon Kenntnis erlangen k\u00f6nnen.<\/p>\n\n\n\n<p>Der Betroffene hat das Recht, die Aktualisierung, Berichtigung, Erg\u00e4nzung, L\u00f6schung, Anonymisierung oder Sperrung der rechtswidrig verarbeiteten Daten zu verlangen. Der Betroffene hat das Recht, aus legitimen Gr\u00fcnden der Verarbeitung der ihn betreffenden personenbezogenen Daten ganz oder teilweise zu widersprechen, auch wenn diese relevant sind f\u00fcr den Zweck der Datenerhebung, sowie ohne Grund der Verarbeitung, die ihn betrifft, f\u00fcr Zwecke des Versands von Werbematerial und Direktverkauf oder f\u00fcr Marktforschung oder kommerzielle Kommunikation. Die genannten Rechte k\u00f6nnen, auch durch Beauftragte, durch Anfrage an den benannten Verantwortlichen, Frau\/Herr Grandi Luciano, Via Sommacampagna 63\/D, I-37137 Verona (VR), mittels Einschreiben oder E-Mail an die Adresse: <a>info@bassomaria.it<\/a> ausge\u00fcbt werden.<\/p>\n\n\n\n<p>Der Verantwortliche f\u00fcr die vorliegende Verarbeitung ist: Basso Maria di Grandi Daniele &amp; C. sas, mit Sitz in Via Sommacampagna 63\/D, I-37137 Verona (VR), vertreten durch die gesetzliche Vertreterin\/den gesetzlichen Vertreter Frau\/Herrn Grandi Luciano.<\/p>\n","protected":false},"excerpt":{"rendered":"<p>Informationspflicht gem\u00e4\u00df dem Gesetzesdekret vom 30.06.2003 &#8222;DATENSCHUTZKODEX&#8220; Gem\u00e4\u00df Artikel 13 des Gesetzesdekrets vom 30. Juni 2003, Nr. 196, informieren wir dar\u00fcber, dass unser Unternehmen Basso Maria di Grandi Daniele &amp;&#8230;<\/p>\n","protected":false},"author":1,"featured_media":0,"parent":0,"menu_order":0,"comment_status":"closed","ping_status":"closed","template":"","meta":{"footnotes":""},"class_list":["post-1962","page","type-page","status-publish"],"_links":{"self":[{"href":"https:\/\/bassomaria.it\/de\/wp-json\/wp\/v2\/pages\/1962","targetHints":{"allow":["GET"]}}],"collection":[{"href":"https:\/\/bassomaria.it\/de\/wp-json\/wp\/v2\/pages"}],"about":[{"href":"https:\/\/bassomaria.it\/de\/wp-json\/wp\/v2\/types\/page"}],"author":[{"embeddable":true,"href":"https:\/\/bassomaria.it\/de\/wp-json\/wp\/v2\/users\/1"}],"replies":[{"embeddable":true,"href":"https:\/\/bassomaria.it\/de\/wp-json\/wp\/v2\/comments?post=1962"}],"version-history":[{"count":1,"href":"https:\/\/bassomaria.it\/de\/wp-json\/wp\/v2\/pages\/1962\/revisions"}],"predecessor-version":[{"id":1964,"href":"https:\/\/bassomaria.it\/de\/wp-json\/wp\/v2\/pages\/1962\/revisions\/1964"}],"wp:attachment":[{"href":"https:\/\/bassomaria.it\/de\/wp-json\/wp\/v2\/media?parent=1962"}],"curies":[{"name":"wp","href":"https:\/\/api.w.org\/{rel}","templated":true}]}}